{"id":659,"date":"2022-04-07T17:19:31","date_gmt":"2022-04-07T16:19:31","guid":{"rendered":"http:\/\/skofic.si\/wordpress\/?page_id=659"},"modified":"2022-07-19T09:28:41","modified_gmt":"2022-07-19T09:28:41","slug":"o-nas","status":"publish","type":"page","link":"http:\/\/skofic.si\/de\/o-nas\/","title":{"rendered":"\u00dcber uns"},"content":{"rendered":"<div data-elementor-type=\"wp-page\" data-elementor-id=\"659\" class=\"elementor elementor-659\">\n\t\t\t\t\t\t<section class=\"elementor-section elementor-top-section elementor-element elementor-element-2d23243 elementor-section-height-min-height elementor-section-boxed elementor-section-height-default elementor-section-items-middle\" data-id=\"2d23243\" data-element_type=\"section\" data-e-type=\"section\" data-settings=\"{&quot;background_background&quot;:&quot;slideshow&quot;,&quot;background_slideshow_gallery&quot;:[{&quot;id&quot;:731,&quot;url&quot;:&quot;http:\\\/\\\/skofic.si\\\/wp-content\\\/uploads\\\/2022\\\/05\\\/DSC_3665.jpg&quot;},{&quot;id&quot;:629,&quot;url&quot;:&quot;http:\\\/\\\/skofic.si\\\/wp-content\\\/uploads\\\/2022\\\/03\\\/cisterna_1.jpg&quot;},{&quot;id&quot;:680,&quot;url&quot;:&quot;http:\\\/\\\/skofic.si\\\/wp-content\\\/uploads\\\/2022\\\/04\\\/tovornjak2.jpg&quot;}],&quot;background_slideshow_lazyload&quot;:&quot;yes&quot;,&quot;background_slideshow_ken_burns&quot;:&quot;yes&quot;,&quot;background_slideshow_loop&quot;:&quot;yes&quot;,&quot;background_slideshow_slide_duration&quot;:5000,&quot;background_slideshow_slide_transition&quot;:&quot;fade&quot;,&quot;background_slideshow_transition_duration&quot;:500,&quot;background_slideshow_ken_burns_zoom_direction&quot;:&quot;in&quot;}\">\n\t\t\t\t\t\t\t<div class=\"elementor-background-overlay\"><\/div>\n\t\t\t\t\t\t\t<div class=\"elementor-container elementor-column-gap-no\">\n\t\t\t\t\t<div class=\"elementor-column elementor-col-100 elementor-top-column elementor-element elementor-element-3ca3a73f\" data-id=\"3ca3a73f\" data-element_type=\"column\" data-e-type=\"column\">\n\t\t\t<div class=\"elementor-widget-wrap elementor-element-populated\">\n\t\t\t\t\t\t<div class=\"elementor-element elementor-element-5586b135 elementor-widget elementor-widget-heading\" data-id=\"5586b135\" data-element_type=\"widget\" data-e-type=\"widget\" data-widget_type=\"heading.default\">\n\t\t\t\t<div class=\"elementor-widget-container\">\n\t\t\t\t\t<h4 class=\"elementor-heading-title elementor-size-default\">\u00dcber uns<\/h4>\t\t\t\t<\/div>\n\t\t\t\t<\/div>\n\t\t\t\t\t<\/div>\n\t\t<\/div>\n\t\t\t\t\t<\/div>\n\t\t<\/section>\n\t\t\t\t<section class=\"elementor-section elementor-top-section elementor-element elementor-element-78dfd474 elementor-section-boxed elementor-section-height-default elementor-section-height-default\" data-id=\"78dfd474\" data-element_type=\"section\" data-e-type=\"section\" data-settings=\"{&quot;background_background&quot;:&quot;classic&quot;}\">\n\t\t\t\t\t\t<div class=\"elementor-container elementor-column-gap-no\">\n\t\t\t\t\t<div class=\"elementor-column elementor-col-100 elementor-top-column elementor-element elementor-element-2fce3de8\" data-id=\"2fce3de8\" data-element_type=\"column\" data-e-type=\"column\">\n\t\t\t<div class=\"elementor-widget-wrap elementor-element-populated\">\n\t\t\t\t\t\t<div class=\"elementor-element elementor-element-69511a5d elementor-widget elementor-widget-text-editor\" data-id=\"69511a5d\" data-element_type=\"widget\" data-e-type=\"widget\" data-widget_type=\"text-editor.default\">\n\t\t\t\t<div class=\"elementor-widget-container\">\n\t\t\t\t\t\t\t\t\t<h5>Langj\u00e4hrige Erfahrungen im Bereich der Tanktwagenransporte<\/h5>\n<p class=\"translation-block\">\u0160kofic Promet d.o.o. ist ein noch relativ junges Familienunternehmen, das jedoch bereits seit 1979 t\u00e4tig ist. Im Laufe der Jahrzehnte hat sich das Unternehmen im Bereich des Fl\u00fcssigkeitstransports entwickelt. Auf diesem Gebiet arbeiten wir seit jeher mit f\u00fchrenden europ\u00e4ischen Unternehmen zusammen. Mit unserem Wissen, unserer Zuverl\u00e4ssigkeit und unserer Tradition bieten wir dem Markt eine umfassende Logistikdienstleistung.<\/p>\n<p class=\"translation-block\">Die Hauptaktivit\u00e4ten des Unternehmens sind die Organisation und Durchf\u00fchrung von Transporten sowie das Waschen von Tankwagen und Verpackungen. Wir arbeiten erfolgreich mit Unternehmen in der gesamten EU und auch auserhalb der EU zusammen.<\/p>\n<p class=\"translation-block\">Die Hauptaktivit\u00e4ten des Unternehmens sind die Organisation und Durchf\u00fchrung von Transporten sowie das Waschen von Tankwagen und Verpackungen. Wir arbeiten erfolgreich mit Unternehmen in der gesamten EU und auch auserhalb der EU zusammen.\n\nWir achten besonders auf Informationen und Innovationen auf dem Markt und m\u00f6chten damit die Bed\u00fcrfnisse des Kunden zufriedenstellen, bei dem wir nicht nur eine hohe Servicequalit\u00e4t erreichen, sondern auch Vertrauen schaffen m\u00f6chten. Wir werden Entwicklungstrends verfolgen, auf Innovationen reagieren und Dienstleistungen bereichern. Wir achten auch sehr auf nachhaltige Gesch\u00e4ftst\u00e4tigkeit und \u00f6kologische Verantwortung; neben der Investition in die modernste Ausr\u00fcstung \u2013 LKW, Kl\u00e4ranlage etc. \u2013 legen wir auch gro\u00dfen Wert auf kontinuierliche Verbesserungen, um den Carbon-Footprint zu reduzieren und das Ziel des Nullwerts zu erreichen.<\/p>\t\t\t\t\t\t\t\t<\/div>\n\t\t\t\t<\/div>\n\t\t\t\t<div class=\"elementor-element elementor-element-7da5f428 animated-slow elementor-invisible elementor-widget elementor-widget-heading\" data-id=\"7da5f428\" data-element_type=\"widget\" data-e-type=\"widget\" data-settings=\"{&quot;_animation&quot;:&quot;fadeInLeft&quot;}\" data-widget_type=\"heading.default\">\n\t\t\t\t<div class=\"elementor-widget-container\">\n\t\t\t\t\t<h3 class=\"elementor-heading-title elementor-size-default\">Wir sind ein f\u00fchrendes, vertrauensw\u00fcrdiges Unternehmen in unserem Bereich, das gegen\u00fcber den Nutzern unserer Dienstleistungen, Mitarbeitern und der Umwelt verantwortlich ist.\n<\/h3>\t\t\t\t<\/div>\n\t\t\t\t<\/div>\n\t\t\t\t\t<\/div>\n\t\t<\/div>\n\t\t\t\t\t<\/div>\n\t\t<\/section>\n\t\t\t\t<section class=\"elementor-section elementor-top-section elementor-element elementor-element-jww0trg elementor-section-boxed elementor-section-height-default elementor-section-height-default\" data-id=\"jww0trg\" data-element_type=\"section\" data-e-type=\"section\" data-settings=\"{&quot;background_background&quot;:&quot;classic&quot;}\">\n\t\t\t\t\t\t<div class=\"elementor-container elementor-column-gap-no\">\n\t\t\t\t\t<div class=\"elementor-column elementor-col-100 elementor-top-column elementor-element elementor-element-3bfd4be\" data-id=\"3bfd4be\" data-element_type=\"column\" data-e-type=\"column\">\n\t\t\t<div class=\"elementor-widget-wrap elementor-element-populated\">\n\t\t\t\t\t\t<div class=\"elementor-element elementor-element-c03f93f elementor-widget-divider--view-line elementor-widget elementor-widget-divider\" data-id=\"c03f93f\" data-element_type=\"widget\" data-e-type=\"widget\" data-widget_type=\"divider.default\">\n\t\t\t\t<div class=\"elementor-widget-container\">\n\t\t\t\t\t\t\t<div class=\"elementor-divider\">\n\t\t\t<span class=\"elementor-divider-separator\">\n\t\t\t\t\t\t<\/span>\n\t\t<\/div>\n\t\t\t\t\t\t<\/div>\n\t\t\t\t<\/div>\n\t\t\t\t<div class=\"elementor-element elementor-element-3741179 gallery-spacing-custom elementor-widget elementor-widget-image-gallery\" data-id=\"3741179\" data-element_type=\"widget\" data-e-type=\"widget\" data-widget_type=\"image-gallery.default\">\n\t\t\t\t<div class=\"elementor-widget-container\">\n\t\t\t\t\t\t\t<div class=\"elementor-image-gallery\">\n\t\t\t<div id='gallery-1' class='gallery galleryid-659 gallery-columns-3 gallery-size-full'><figure class='gallery-item'>\n\t\t\t<div class='gallery-icon landscape'>\n\t\t\t\t<a data-elementor-open-lightbox=\"yes\" data-elementor-lightbox-slideshow=\"3741179\" data-elementor-lightbox-title=\"DSC_6548\" data-e-action-hash=\"#elementor-action%3Aaction%3Dlightbox%26settings%3DeyJpZCI6MzUzNywidXJsIjoiaHR0cHM6XC9cL3Nrb2ZpYy5zaVwvd3AtY29udGVudFwvdXBsb2Fkc1wvMjAyMlwvMDZcL0RTQ182NTQ4LWUxNjU3MDA3NjYyNDE0LmpwZyIsInNsaWRlc2hvdyI6IjM3NDExNzkifQ%3D%3D\" href='https:\/\/skofic.si\/wp-content\/uploads\/2022\/06\/DSC_6548-e1657007662414.jpg'><img fetchpriority=\"high\" decoding=\"async\" width=\"748\" height=\"599\" src=\"https:\/\/skofic.si\/wp-content\/uploads\/2022\/06\/DSC_6548-e1657007662414.jpg\" class=\"attachment-full size-full\" alt=\"\" srcset=\"https:\/\/skofic.si\/wp-content\/uploads\/2022\/06\/DSC_6548-e1657007662414.jpg 748w, https:\/\/skofic.si\/wp-content\/uploads\/2022\/06\/DSC_6548-e1657007662414-300x240.jpg 300w\" sizes=\"(max-width: 748px) 100vw, 748px\" \/><\/a>\n\t\t\t<\/div><\/figure><figure class='gallery-item'>\n\t\t\t<div class='gallery-icon landscape'>\n\t\t\t\t<a data-elementor-open-lightbox=\"yes\" data-elementor-lightbox-slideshow=\"3741179\" data-elementor-lightbox-title=\"DSC_3689\" data-e-action-hash=\"#elementor-action%3Aaction%3Dlightbox%26settings%3DeyJpZCI6MzUyMCwidXJsIjoiaHR0cHM6XC9cL3Nrb2ZpYy5zaVwvd3AtY29udGVudFwvdXBsb2Fkc1wvMjAyMlwvMDZcL0RTQ18zNjg5LmpwZyIsInNsaWRlc2hvdyI6IjM3NDExNzkifQ%3D%3D\" href='https:\/\/skofic.si\/wp-content\/uploads\/2022\/06\/DSC_3689.jpg'><img decoding=\"async\" width=\"1024\" height=\"576\" src=\"https:\/\/skofic.si\/wp-content\/uploads\/2022\/06\/DSC_3689.jpg\" class=\"attachment-full size-full\" alt=\"\" srcset=\"https:\/\/skofic.si\/wp-content\/uploads\/2022\/06\/DSC_3689.jpg 1024w, https:\/\/skofic.si\/wp-content\/uploads\/2022\/06\/DSC_3689-300x169.jpg 300w, https:\/\/skofic.si\/wp-content\/uploads\/2022\/06\/DSC_3689-768x432.jpg 768w\" sizes=\"(max-width: 1024px) 100vw, 1024px\" \/><\/a>\n\t\t\t<\/div><\/figure><figure class='gallery-item'>\n\t\t\t<div class='gallery-icon landscape'>\n\t\t\t\t<a data-elementor-open-lightbox=\"yes\" data-elementor-lightbox-slideshow=\"3741179\" data-elementor-lightbox-title=\"DSC_4261\" data-e-action-hash=\"#elementor-action%3Aaction%3Dlightbox%26settings%3DeyJpZCI6MzUyNCwidXJsIjoiaHR0cHM6XC9cL3Nrb2ZpYy5zaVwvd3AtY29udGVudFwvdXBsb2Fkc1wvMjAyMlwvMDZcL0RTQ180MjYxLmpwZyIsInNsaWRlc2hvdyI6IjM3NDExNzkifQ%3D%3D\" href='https:\/\/skofic.si\/wp-content\/uploads\/2022\/06\/DSC_4261.jpg'><img decoding=\"async\" width=\"902\" height=\"600\" src=\"https:\/\/skofic.si\/wp-content\/uploads\/2022\/06\/DSC_4261.jpg\" class=\"attachment-full size-full\" alt=\"\" srcset=\"https:\/\/skofic.si\/wp-content\/uploads\/2022\/06\/DSC_4261.jpg 902w, https:\/\/skofic.si\/wp-content\/uploads\/2022\/06\/DSC_4261-300x200.jpg 300w, https:\/\/skofic.si\/wp-content\/uploads\/2022\/06\/DSC_4261-768x511.jpg 768w\" sizes=\"(max-width: 902px) 100vw, 902px\" \/><\/a>\n\t\t\t<\/div><\/figure><figure class='gallery-item'>\n\t\t\t<div class='gallery-icon landscape'>\n\t\t\t\t<a data-elementor-open-lightbox=\"yes\" data-elementor-lightbox-slideshow=\"3741179\" data-elementor-lightbox-title=\"DSC_3970\" data-e-action-hash=\"#elementor-action%3Aaction%3Dlightbox%26settings%3DeyJpZCI6NjIzLCJ1cmwiOiJodHRwczpcL1wvc2tvZmljLnNpXC93cC1jb250ZW50XC91cGxvYWRzXC8yMDIyXC8wMlwvRFNDXzM5NzAtMS5qcGciLCJzbGlkZXNob3ciOiIzNzQxMTc5In0%3D\" href='https:\/\/skofic.si\/wp-content\/uploads\/2022\/02\/DSC_3970-1.jpg'><img loading=\"lazy\" decoding=\"async\" width=\"1920\" height=\"1277\" src=\"https:\/\/skofic.si\/wp-content\/uploads\/2022\/02\/DSC_3970-1.jpg\" class=\"attachment-full size-full\" alt=\"\" srcset=\"https:\/\/skofic.si\/wp-content\/uploads\/2022\/02\/DSC_3970-1.jpg 1920w, https:\/\/skofic.si\/wp-content\/uploads\/2022\/02\/DSC_3970-1-300x200.jpg 300w, https:\/\/skofic.si\/wp-content\/uploads\/2022\/02\/DSC_3970-1-1024x681.jpg 1024w, https:\/\/skofic.si\/wp-content\/uploads\/2022\/02\/DSC_3970-1-768x511.jpg 768w, https:\/\/skofic.si\/wp-content\/uploads\/2022\/02\/DSC_3970-1-1536x1022.jpg 1536w\" sizes=\"(max-width: 1920px) 100vw, 1920px\" \/><\/a>\n\t\t\t<\/div><\/figure><figure class='gallery-item'>\n\t\t\t<div class='gallery-icon landscape'>\n\t\t\t\t<a data-elementor-open-lightbox=\"yes\" data-elementor-lightbox-slideshow=\"3741179\" data-elementor-lightbox-title=\"DSC_6461\" data-e-action-hash=\"#elementor-action%3Aaction%3Dlightbox%26settings%3DeyJpZCI6MzUyOSwidXJsIjoiaHR0cHM6XC9cL3Nrb2ZpYy5zaVwvd3AtY29udGVudFwvdXBsb2Fkc1wvMjAyMlwvMDZcL0RTQ182NDYxLmpwZyIsInNsaWRlc2hvdyI6IjM3NDExNzkifQ%3D%3D\" href='https:\/\/skofic.si\/wp-content\/uploads\/2022\/06\/DSC_6461.jpg'><img loading=\"lazy\" decoding=\"async\" width=\"902\" height=\"600\" src=\"https:\/\/skofic.si\/wp-content\/uploads\/2022\/06\/DSC_6461.jpg\" class=\"attachment-full size-full\" alt=\"\" srcset=\"https:\/\/skofic.si\/wp-content\/uploads\/2022\/06\/DSC_6461.jpg 902w, https:\/\/skofic.si\/wp-content\/uploads\/2022\/06\/DSC_6461-300x200.jpg 300w, https:\/\/skofic.si\/wp-content\/uploads\/2022\/06\/DSC_6461-768x511.jpg 768w\" sizes=\"(max-width: 902px) 100vw, 902px\" \/><\/a>\n\t\t\t<\/div><\/figure><figure class='gallery-item'>\n\t\t\t<div class='gallery-icon landscape'>\n\t\t\t\t<a data-elementor-open-lightbox=\"yes\" data-elementor-lightbox-slideshow=\"3741179\" data-elementor-lightbox-title=\"DSC_6521\" data-e-action-hash=\"#elementor-action%3Aaction%3Dlightbox%26settings%3DeyJpZCI6MzUzMywidXJsIjoiaHR0cHM6XC9cL3Nrb2ZpYy5zaVwvd3AtY29udGVudFwvdXBsb2Fkc1wvMjAyMlwvMDZcL0RTQ182NTIxLmpwZyIsInNsaWRlc2hvdyI6IjM3NDExNzkifQ%3D%3D\" href='https:\/\/skofic.si\/wp-content\/uploads\/2022\/06\/DSC_6521.jpg'><img loading=\"lazy\" decoding=\"async\" width=\"902\" height=\"600\" src=\"https:\/\/skofic.si\/wp-content\/uploads\/2022\/06\/DSC_6521.jpg\" class=\"attachment-full size-full\" alt=\"\" srcset=\"https:\/\/skofic.si\/wp-content\/uploads\/2022\/06\/DSC_6521.jpg 902w, https:\/\/skofic.si\/wp-content\/uploads\/2022\/06\/DSC_6521-300x200.jpg 300w, https:\/\/skofic.si\/wp-content\/uploads\/2022\/06\/DSC_6521-768x511.jpg 768w\" sizes=\"(max-width: 902px) 100vw, 902px\" \/><\/a>\n\t\t\t<\/div><\/figure><figure class='gallery-item'>\n\t\t\t<div class='gallery-icon landscape'>\n\t\t\t\t<a data-elementor-open-lightbox=\"yes\" data-elementor-lightbox-slideshow=\"3741179\" data-elementor-lightbox-title=\"DSC_3959\" data-e-action-hash=\"#elementor-action%3Aaction%3Dlightbox%26settings%3DeyJpZCI6NTgyLCJ1cmwiOiJodHRwczpcL1wvc2tvZmljLnNpXC93cC1jb250ZW50XC91cGxvYWRzXC8yMDIyXC8wMlwvRFNDXzM5NTktc2NhbGVkLmpwZyIsInNsaWRlc2hvdyI6IjM3NDExNzkifQ%3D%3D\" href='https:\/\/skofic.si\/wp-content\/uploads\/2022\/02\/DSC_3959-scaled.jpg'><img loading=\"lazy\" decoding=\"async\" width=\"2560\" height=\"1703\" src=\"https:\/\/skofic.si\/wp-content\/uploads\/2022\/02\/DSC_3959-scaled.jpg\" class=\"attachment-full size-full\" alt=\"\" srcset=\"https:\/\/skofic.si\/wp-content\/uploads\/2022\/02\/DSC_3959-scaled.jpg 2560w, https:\/\/skofic.si\/wp-content\/uploads\/2022\/02\/DSC_3959-300x200.jpg 300w\" sizes=\"(max-width: 2560px) 100vw, 2560px\" \/><\/a>\n\t\t\t<\/div><\/figure><figure class='gallery-item'>\n\t\t\t<div class='gallery-icon landscape'>\n\t\t\t\t<a data-elementor-open-lightbox=\"yes\" data-elementor-lightbox-slideshow=\"3741179\" data-elementor-lightbox-title=\"DSC_6617\" data-e-action-hash=\"#elementor-action%3Aaction%3Dlightbox%26settings%3DeyJpZCI6MzU0MCwidXJsIjoiaHR0cHM6XC9cL3Nrb2ZpYy5zaVwvd3AtY29udGVudFwvdXBsb2Fkc1wvMjAyMlwvMDZcL0RTQ182NjE3LmpwZyIsInNsaWRlc2hvdyI6IjM3NDExNzkifQ%3D%3D\" href='https:\/\/skofic.si\/wp-content\/uploads\/2022\/06\/DSC_6617.jpg'><img loading=\"lazy\" decoding=\"async\" width=\"902\" height=\"600\" src=\"https:\/\/skofic.si\/wp-content\/uploads\/2022\/06\/DSC_6617.jpg\" class=\"attachment-full size-full\" alt=\"\" srcset=\"https:\/\/skofic.si\/wp-content\/uploads\/2022\/06\/DSC_6617.jpg 902w, https:\/\/skofic.si\/wp-content\/uploads\/2022\/06\/DSC_6617-300x200.jpg 300w, https:\/\/skofic.si\/wp-content\/uploads\/2022\/06\/DSC_6617-768x511.jpg 768w\" sizes=\"(max-width: 902px) 100vw, 902px\" \/><\/a>\n\t\t\t<\/div><\/figure><figure class='gallery-item'>\n\t\t\t<div class='gallery-icon landscape'>\n\t\t\t\t<a data-elementor-open-lightbox=\"yes\" data-elementor-lightbox-slideshow=\"3741179\" data-elementor-lightbox-title=\"DSC_3665\" data-e-action-hash=\"#elementor-action%3Aaction%3Dlightbox%26settings%3DeyJpZCI6NzMxLCJ1cmwiOiJodHRwczpcL1wvc2tvZmljLnNpXC93cC1jb250ZW50XC91cGxvYWRzXC8yMDIyXC8wNVwvRFNDXzM2NjUuanBnIiwic2xpZGVzaG93IjoiMzc0MTE3OSJ9\" href='https:\/\/skofic.si\/wp-content\/uploads\/2022\/05\/DSC_3665.jpg'><img loading=\"lazy\" decoding=\"async\" width=\"1920\" height=\"1080\" src=\"https:\/\/skofic.si\/wp-content\/uploads\/2022\/05\/DSC_3665.jpg\" class=\"attachment-full size-full\" alt=\"\" srcset=\"https:\/\/skofic.si\/wp-content\/uploads\/2022\/05\/DSC_3665.jpg 1920w, https:\/\/skofic.si\/wp-content\/uploads\/2022\/05\/DSC_3665-300x169.jpg 300w, https:\/\/skofic.si\/wp-content\/uploads\/2022\/05\/DSC_3665-1024x576.jpg 1024w, https:\/\/skofic.si\/wp-content\/uploads\/2022\/05\/DSC_3665-768x432.jpg 768w, https:\/\/skofic.si\/wp-content\/uploads\/2022\/05\/DSC_3665-1536x864.jpg 1536w\" sizes=\"(max-width: 1920px) 100vw, 1920px\" \/><\/a>\n\t\t\t<\/div><\/figure><figure class='gallery-item'>\n\t\t\t<div class='gallery-icon landscape'>\n\t\t\t\t<a data-elementor-open-lightbox=\"yes\" data-elementor-lightbox-slideshow=\"3741179\" data-elementor-lightbox-title=\"DJI_0868\" data-e-action-hash=\"#elementor-action%3Aaction%3Dlightbox%26settings%3DeyJpZCI6Mzg2OSwidXJsIjoiaHR0cHM6XC9cL3Nrb2ZpYy5zaVwvd3AtY29udGVudFwvdXBsb2Fkc1wvMjAyMlwvMDdcL0RKSV8wODY4LmpwZyIsInNsaWRlc2hvdyI6IjM3NDExNzkifQ%3D%3D\" href='https:\/\/skofic.si\/wp-content\/uploads\/2022\/07\/DJI_0868.jpg'><img loading=\"lazy\" decoding=\"async\" width=\"2000\" height=\"1498\" src=\"https:\/\/skofic.si\/wp-content\/uploads\/2022\/07\/DJI_0868.jpg\" class=\"attachment-full size-full\" alt=\"\" srcset=\"https:\/\/skofic.si\/wp-content\/uploads\/2022\/07\/DJI_0868.jpg 2000w, https:\/\/skofic.si\/wp-content\/uploads\/2022\/07\/DJI_0868-300x225.jpg 300w, https:\/\/skofic.si\/wp-content\/uploads\/2022\/07\/DJI_0868-1024x767.jpg 1024w, https:\/\/skofic.si\/wp-content\/uploads\/2022\/07\/DJI_0868-768x575.jpg 768w, https:\/\/skofic.si\/wp-content\/uploads\/2022\/07\/DJI_0868-1536x1150.jpg 1536w\" sizes=\"(max-width: 2000px) 100vw, 2000px\" \/><\/a>\n\t\t\t<\/div><\/figure><figure class='gallery-item'>\n\t\t\t<div class='gallery-icon landscape'>\n\t\t\t\t<a data-elementor-open-lightbox=\"yes\" data-elementor-lightbox-slideshow=\"3741179\" data-elementor-lightbox-title=\"DSC_4251\" data-e-action-hash=\"#elementor-action%3Aaction%3Dlightbox%26settings%3DeyJpZCI6MzUyMywidXJsIjoiaHR0cHM6XC9cL3Nrb2ZpYy5zaVwvd3AtY29udGVudFwvdXBsb2Fkc1wvMjAyMlwvMDZcL0RTQ180MjUxLmpwZyIsInNsaWRlc2hvdyI6IjM3NDExNzkifQ%3D%3D\" href='https:\/\/skofic.si\/wp-content\/uploads\/2022\/06\/DSC_4251.jpg'><img loading=\"lazy\" decoding=\"async\" width=\"902\" height=\"600\" src=\"https:\/\/skofic.si\/wp-content\/uploads\/2022\/06\/DSC_4251.jpg\" class=\"attachment-full size-full\" alt=\"\" srcset=\"https:\/\/skofic.si\/wp-content\/uploads\/2022\/06\/DSC_4251.jpg 902w, https:\/\/skofic.si\/wp-content\/uploads\/2022\/06\/DSC_4251-300x200.jpg 300w, https:\/\/skofic.si\/wp-content\/uploads\/2022\/06\/DSC_4251-768x511.jpg 768w\" sizes=\"(max-width: 902px) 100vw, 902px\" \/><\/a>\n\t\t\t<\/div><\/figure><figure class='gallery-item'>\n\t\t\t<div class='gallery-icon landscape'>\n\t\t\t\t<a data-elementor-open-lightbox=\"yes\" data-elementor-lightbox-slideshow=\"3741179\" data-elementor-lightbox-title=\"DSC_5792\" data-e-action-hash=\"#elementor-action%3Aaction%3Dlightbox%26settings%3DeyJpZCI6MzUyNywidXJsIjoiaHR0cHM6XC9cL3Nrb2ZpYy5zaVwvd3AtY29udGVudFwvdXBsb2Fkc1wvMjAyMlwvMDZcL0RTQ181NzkyLmpwZyIsInNsaWRlc2hvdyI6IjM3NDExNzkifQ%3D%3D\" href='https:\/\/skofic.si\/wp-content\/uploads\/2022\/06\/DSC_5792.jpg'><img loading=\"lazy\" decoding=\"async\" width=\"902\" height=\"600\" src=\"https:\/\/skofic.si\/wp-content\/uploads\/2022\/06\/DSC_5792.jpg\" class=\"attachment-full size-full\" alt=\"\" srcset=\"https:\/\/skofic.si\/wp-content\/uploads\/2022\/06\/DSC_5792.jpg 902w, https:\/\/skofic.si\/wp-content\/uploads\/2022\/06\/DSC_5792-300x200.jpg 300w, https:\/\/skofic.si\/wp-content\/uploads\/2022\/06\/DSC_5792-768x511.jpg 768w\" sizes=\"(max-width: 902px) 100vw, 902px\" \/><\/a>\n\t\t\t<\/div><\/figure>\n\t\t<\/div>\n\t\t<\/div>\n\t\t\t\t\t\t<\/div>\n\t\t\t\t<\/div>\n\t\t\t\t\t<\/div>\n\t\t<\/div>\n\t\t\t\t\t<\/div>\n\t\t<\/section>\n\t\t\t\t<\/div>","protected":false},"excerpt":{"rendered":"<p>O nas Dolgoletne izku\u0161nje na podro\u010dju prevozov z cisternami \u0160kofic Promet d.o.o. je dru\u017einsko podjetje, ki je \u0161e sorazmerno mlado, vendar deluje \u017ee od leta 1979.&nbsp;Podjetje se je skozi desetletja razvijalo na podro\u010dju prevoza teko\u010din. Vseskozi smo sodelovali z vodilnimi evropskimi podjetji na tem podro\u010dju.&nbsp;Z na\u0161im znanjem,&nbsp;zanesljivostjo&nbsp;in tradicijo trgu nudimo celovito logisti\u010dno storitev. Osnovni dejavnosti [&hellip;]<\/p>","protected":false},"author":1,"featured_media":0,"parent":0,"menu_order":0,"comment_status":"closed","ping_status":"closed","template":"","meta":{"_monsterinsights_skip_tracking":false,"_monsterinsights_sitenote_active":false,"_monsterinsights_sitenote_note":"","_monsterinsights_sitenote_category":0,"site-sidebar-layout":"no-sidebar","site-content-layout":"page-builder","ast-site-content-layout":"default","site-content-style":"default","site-sidebar-style":"default","ast-global-header-display":"","ast-banner-title-visibility":"","ast-main-header-display":"","ast-hfb-above-header-display":"","ast-hfb-below-header-display":"","ast-hfb-mobile-header-display":"","site-post-title":"disabled","ast-breadcrumbs-content":"","ast-featured-img":"disabled","footer-sml-layout":"","ast-disable-related-posts":"","theme-transparent-header-meta":"","adv-header-id-meta":"","stick-header-meta":"","header-above-stick-meta":"","header-main-stick-meta":"","header-below-stick-meta":"","astra-migrate-meta-layouts":"default","ast-page-background-enabled":"default","ast-page-background-meta":{"desktop":{"background-color":"","background-image":"","background-repeat":"repeat","background-position":"center center","background-size":"auto","background-attachment":"scroll","background-type":"","background-media":"","overlay-type":"","overlay-color":"","overlay-opacity":"","overlay-gradient":""},"tablet":{"background-color":"","background-image":"","background-repeat":"repeat","background-position":"center center","background-size":"auto","background-attachment":"scroll","background-type":"","background-media":"","overlay-type":"","overlay-color":"","overlay-opacity":"","overlay-gradient":""},"mobile":{"background-color":"","background-image":"","background-repeat":"repeat","background-position":"center center","background-size":"auto","background-attachment":"scroll","background-type":"","background-media":"","overlay-type":"","overlay-color":"","overlay-opacity":"","overlay-gradient":""}},"ast-content-background-meta":{"desktop":{"background-color":"var(--ast-global-color-5)","background-image":"","background-repeat":"repeat","background-position":"center center","background-size":"auto","background-attachment":"scroll","background-type":"","background-media":"","overlay-type":"","overlay-color":"","overlay-opacity":"","overlay-gradient":""},"tablet":{"background-color":"var(--ast-global-color-5)","background-image":"","background-repeat":"repeat","background-position":"center center","background-size":"auto","background-attachment":"scroll","background-type":"","background-media":"","overlay-type":"","overlay-color":"","overlay-opacity":"","overlay-gradient":""},"mobile":{"background-color":"var(--ast-global-color-5)","background-image":"","background-repeat":"repeat","background-position":"center center","background-size":"auto","background-attachment":"scroll","background-type":"","background-media":"","overlay-type":"","overlay-color":"","overlay-opacity":"","overlay-gradient":""}},"footnotes":""},"class_list":["post-659","page","type-page","status-publish","hentry"],"aioseo_notices":[],"_links":{"self":[{"href":"http:\/\/skofic.si\/de\/wp-json\/wp\/v2\/pages\/659","targetHints":{"allow":["GET"]}}],"collection":[{"href":"http:\/\/skofic.si\/de\/wp-json\/wp\/v2\/pages"}],"about":[{"href":"http:\/\/skofic.si\/de\/wp-json\/wp\/v2\/types\/page"}],"author":[{"embeddable":true,"href":"http:\/\/skofic.si\/de\/wp-json\/wp\/v2\/users\/1"}],"replies":[{"embeddable":true,"href":"http:\/\/skofic.si\/de\/wp-json\/wp\/v2\/comments?post=659"}],"version-history":[{"count":70,"href":"http:\/\/skofic.si\/de\/wp-json\/wp\/v2\/pages\/659\/revisions"}],"predecessor-version":[{"id":3934,"href":"http:\/\/skofic.si\/de\/wp-json\/wp\/v2\/pages\/659\/revisions\/3934"}],"wp:attachment":[{"href":"http:\/\/skofic.si\/de\/wp-json\/wp\/v2\/media?parent=659"}],"curies":[{"name":"wp","href":"https:\/\/api.w.org\/{rel}","templated":true}]}}