{"id":3611,"date":"2022-06-14T09:20:41","date_gmt":"2022-06-14T09:20:41","guid":{"rendered":"http:\/\/skofic.si\/?page_id=3611"},"modified":"2022-07-19T09:31:29","modified_gmt":"2022-07-19T09:31:29","slug":"prevozi-s-cisternami","status":"publish","type":"page","link":"https:\/\/skofic.si\/de\/prevozi-s-cisternami\/","title":{"rendered":"prevozi s cisternami"},"content":{"rendered":"<div data-elementor-type=\"wp-page\" data-elementor-id=\"3611\" class=\"elementor elementor-3611\">\n\t\t\t\t\t\t<section class=\"elementor-section elementor-top-section elementor-element elementor-element-1aee2ac6 elementor-section-height-min-height elementor-section-boxed elementor-section-height-default elementor-section-items-middle\" data-id=\"1aee2ac6\" data-element_type=\"section\" data-e-type=\"section\" data-settings=\"{&quot;background_background&quot;:&quot;slideshow&quot;,&quot;background_slideshow_gallery&quot;:[{&quot;id&quot;:3527,&quot;url&quot;:&quot;http:\\\/\\\/skofic.si\\\/wp-content\\\/uploads\\\/2022\\\/06\\\/DSC_5792.jpg&quot;},{&quot;id&quot;:3522,&quot;url&quot;:&quot;http:\\\/\\\/skofic.si\\\/wp-content\\\/uploads\\\/2022\\\/06\\\/DSC_3960.jpg&quot;},{&quot;id&quot;:592,&quot;url&quot;:&quot;http:\\\/\\\/skofic.si\\\/wp-content\\\/uploads\\\/2022\\\/02\\\/cisterna_1.jpg&quot;},{&quot;id&quot;:583,&quot;url&quot;:&quot;http:\\\/\\\/skofic.si\\\/wp-content\\\/uploads\\\/2022\\\/02\\\/DSC_3958.jpg&quot;}],&quot;background_slideshow_lazyload&quot;:&quot;yes&quot;,&quot;background_slideshow_ken_burns&quot;:&quot;yes&quot;,&quot;background_slideshow_loop&quot;:&quot;yes&quot;,&quot;background_slideshow_slide_duration&quot;:5000,&quot;background_slideshow_slide_transition&quot;:&quot;fade&quot;,&quot;background_slideshow_transition_duration&quot;:500,&quot;background_slideshow_ken_burns_zoom_direction&quot;:&quot;in&quot;}\">\n\t\t\t\t\t\t\t<div class=\"elementor-background-overlay\"><\/div>\n\t\t\t\t\t\t\t<div class=\"elementor-container elementor-column-gap-no\">\n\t\t\t\t\t<div class=\"elementor-column elementor-col-100 elementor-top-column elementor-element elementor-element-28363ab4\" data-id=\"28363ab4\" data-element_type=\"column\" data-e-type=\"column\">\n\t\t\t<div class=\"elementor-widget-wrap elementor-element-populated\">\n\t\t\t\t\t\t<div class=\"elementor-element elementor-element-520a1572 elementor-widget elementor-widget-heading\" data-id=\"520a1572\" data-element_type=\"widget\" data-e-type=\"widget\" data-widget_type=\"heading.default\">\n\t\t\t\t<div class=\"elementor-widget-container\">\n\t\t\t\t\t<h2 class=\"elementor-heading-title elementor-size-default\">Transporte mit Tankwagen<\/h2>\t\t\t\t<\/div>\n\t\t\t\t<\/div>\n\t\t\t\t\t<\/div>\n\t\t<\/div>\n\t\t\t\t\t<\/div>\n\t\t<\/section>\n\t\t\t\t<section class=\"elementor-section elementor-top-section elementor-element elementor-element-66d2b007 elementor-section-boxed elementor-section-height-default elementor-section-height-default\" data-id=\"66d2b007\" data-element_type=\"section\" data-e-type=\"section\" data-settings=\"{&quot;background_background&quot;:&quot;classic&quot;}\">\n\t\t\t\t\t\t<div class=\"elementor-container elementor-column-gap-no\">\n\t\t\t\t\t<div class=\"elementor-column elementor-col-100 elementor-top-column elementor-element elementor-element-7ac0a2a5\" data-id=\"7ac0a2a5\" data-element_type=\"column\" data-e-type=\"column\">\n\t\t\t<div class=\"elementor-widget-wrap elementor-element-populated\">\n\t\t\t\t\t\t<div class=\"elementor-element elementor-element-b8e56ac elementor-widget elementor-widget-heading\" data-id=\"b8e56ac\" data-element_type=\"widget\" data-e-type=\"widget\" data-widget_type=\"heading.default\">\n\t\t\t\t<div class=\"elementor-widget-container\">\n\t\t\t\t\t<h2 class=\"elementor-heading-title elementor-size-default\">Der richtige Partner f\u00fcr den Transport von Fl\u00fcssigkeiten und fl\u00fcssigen Gefahrstoffen<\/h2>\t\t\t\t<\/div>\n\t\t\t\t<\/div>\n\t\t\t\t<div class=\"elementor-element elementor-element-18d4a7cb elementor-widget elementor-widget-text-editor\" data-id=\"18d4a7cb\" data-element_type=\"widget\" data-e-type=\"widget\" data-widget_type=\"text-editor.default\">\n\t\t\t\t<div class=\"elementor-widget-container\">\n\t\t\t\t\t\t\t\t\t<p>Wir bieten unseren in- und ausl\u00e4ndischen Kunden umfassende Logistikdienstleistungen im Bereich des Fl\u00fcssigkeitstransports an.<\/p><p class=\"translation-block\">Mit modernsten EURO6-Lkw, L4BH-Tanks und Tank-Containern bieten wir:<\/p>\t\t\t\t\t\t\t\t<\/div>\n\t\t\t\t<\/div>\n\t\t\t\t<div class=\"elementor-element elementor-element-f9638ed animated-slow elementor-invisible elementor-widget elementor-widget-text-editor\" data-id=\"f9638ed\" data-element_type=\"widget\" data-e-type=\"widget\" data-settings=\"{&quot;_animation&quot;:&quot;slideInLeft&quot;}\" data-widget_type=\"text-editor.default\">\n\t\t\t\t<div class=\"elementor-widget-container\">\n\t\t\t\t\t\t\t\t\t<h6><span style=\"color: #54595f; font-family: 'Open Sans', sans-serif; font-size: 16px;\"><b>\u2013 Transport von fl\u00fcssigen Stoffen<\/b><\/span><\/h6>\t\t\t\t\t\t\t\t<\/div>\n\t\t\t\t<\/div>\n\t\t\t\t<div class=\"elementor-element elementor-element-52c76fb animated-slow elementor-invisible elementor-widget elementor-widget-text-editor\" data-id=\"52c76fb\" data-element_type=\"widget\" data-e-type=\"widget\" data-settings=\"{&quot;_animation&quot;:&quot;fadeInLeft&quot;}\" data-widget_type=\"text-editor.default\">\n\t\t\t\t<div class=\"elementor-widget-container\">\n\t\t\t\t\t\t\t\t\t<h3><span style=\"color: #54595f; font-family: 'Open Sans', sans-serif; font-size: 16px;\"><b>\u2013 Transport von fl\u00fcssigen chemischen Stoffen (ADR-Transport) und<\/b><\/span><\/h3>\t\t\t\t\t\t\t\t<\/div>\n\t\t\t\t<\/div>\n\t\t\t\t<div class=\"elementor-element elementor-element-6826b86 animated-slow elementor-invisible elementor-widget elementor-widget-text-editor\" data-id=\"6826b86\" data-element_type=\"widget\" data-e-type=\"widget\" data-settings=\"{&quot;_animation&quot;:&quot;fadeInLeft&quot;}\" data-widget_type=\"text-editor.default\">\n\t\t\t\t<div class=\"elementor-widget-container\">\n\t\t\t\t\t\t\t\t\t<h4 class=\"translation-block\">\u2013\u00a0Transport mit Tank-Containern<\/h4>\t\t\t\t\t\t\t\t<\/div>\n\t\t\t\t<\/div>\n\t\t\t\t<section class=\"elementor-section elementor-inner-section elementor-element elementor-element-776d90d9 elementor-section-content-middle elementor-section-boxed elementor-section-height-default elementor-section-height-default\" data-id=\"776d90d9\" data-element_type=\"section\" data-e-type=\"section\">\n\t\t\t\t\t\t<div class=\"elementor-container elementor-column-gap-no\">\n\t\t\t\t\t<div class=\"elementor-column elementor-col-66 elementor-inner-column elementor-element elementor-element-59d88bea\" data-id=\"59d88bea\" data-element_type=\"column\" data-e-type=\"column\">\n\t\t\t<div class=\"elementor-widget-wrap elementor-element-populated\">\n\t\t\t\t\t\t<div class=\"elementor-element elementor-element-754fdba9 elementor-widget elementor-widget-image\" data-id=\"754fdba9\" data-element_type=\"widget\" data-e-type=\"widget\" data-widget_type=\"image.default\">\n\t\t\t\t<div class=\"elementor-widget-container\">\n\t\t\t\t\t\t\t\t\t\t\t\t\t\t\t<img fetchpriority=\"high\" decoding=\"async\" width=\"1024\" height=\"576\" src=\"https:\/\/skofic.si\/wp-content\/uploads\/2022\/05\/DSC_3665-1024x576.jpg\" class=\"attachment-large size-large wp-image-731\" alt=\"\" srcset=\"https:\/\/skofic.si\/wp-content\/uploads\/2022\/05\/DSC_3665-1024x576.jpg 1024w, https:\/\/skofic.si\/wp-content\/uploads\/2022\/05\/DSC_3665-300x169.jpg 300w, https:\/\/skofic.si\/wp-content\/uploads\/2022\/05\/DSC_3665-768x432.jpg 768w, https:\/\/skofic.si\/wp-content\/uploads\/2022\/05\/DSC_3665-1536x864.jpg 1536w, https:\/\/skofic.si\/wp-content\/uploads\/2022\/05\/DSC_3665.jpg 1920w\" sizes=\"(max-width: 1024px) 100vw, 1024px\" \/>\t\t\t\t\t\t\t\t\t\t\t\t\t\t\t<\/div>\n\t\t\t\t<\/div>\n\t\t\t\t<div class=\"elementor-element elementor-element-a26ee7d elementor-widget elementor-widget-text-editor\" data-id=\"a26ee7d\" data-element_type=\"widget\" data-e-type=\"widget\" data-widget_type=\"text-editor.default\">\n\t\t\t\t<div class=\"elementor-widget-container\">\n\t\t\t\t\t\t\t\t\t<h4>Unsere Aufgabe ist es, die Qualit\u00e4t des Transports sicherzustellen.<\/h4>\t\t\t\t\t\t\t\t<\/div>\n\t\t\t\t<\/div>\n\t\t\t\t\t<\/div>\n\t\t<\/div>\n\t\t\t\t<div class=\"elementor-column elementor-col-33 elementor-inner-column elementor-element elementor-element-340730c6\" data-id=\"340730c6\" data-element_type=\"column\" data-e-type=\"column\" data-settings=\"{&quot;background_background&quot;:&quot;classic&quot;}\">\n\t\t\t<div class=\"elementor-widget-wrap elementor-element-populated\">\n\t\t\t\t\t\t<div class=\"elementor-element elementor-element-6d809b75 elementor-widget-divider--view-line elementor-widget elementor-widget-divider\" data-id=\"6d809b75\" data-element_type=\"widget\" data-e-type=\"widget\" data-widget_type=\"divider.default\">\n\t\t\t\t<div class=\"elementor-widget-container\">\n\t\t\t\t\t\t\t<div class=\"elementor-divider\">\n\t\t\t<span class=\"elementor-divider-separator\">\n\t\t\t\t\t\t<\/span>\n\t\t<\/div>\n\t\t\t\t\t\t<\/div>\n\t\t\t\t<\/div>\n\t\t\t\t<div class=\"elementor-element elementor-element-24942bb1 elementor-widget elementor-widget-text-editor\" data-id=\"24942bb1\" data-element_type=\"widget\" data-e-type=\"widget\" data-widget_type=\"text-editor.default\">\n\t\t\t\t<div class=\"elementor-widget-container\">\n\t\t\t\t\t\t\t\t\t<p class=\"translation-block\">Unsere Arbeit und unsere Dienstleistungen sind sehr vielf\u00e4ltig, was es uns erm\u00f6glicht, uns an die Anforderungen des Kunden anzupassen.<\/p><p><span lang=\"en-US\">Wir bieten:<\/span><\/p><ul><li><p><strong>Beheizte Tankwagen<\/strong><\/p><\/li><li><p><strong>Druckluftkompressoren zum Entladen<\/strong><\/p><\/li><li><p><strong>ADR-Ausr\u00fcstung<\/strong><\/p><\/li><li><p><strong>Tank-Container<\/strong><\/p><\/li><li><p><strong>Geeignete Anh\u00e4nger<\/strong><\/p><\/li><\/ul>\t\t\t\t\t\t\t\t<\/div>\n\t\t\t\t<\/div>\n\t\t\t\t\t<\/div>\n\t\t<\/div>\n\t\t\t\t\t<\/div>\n\t\t<\/section>\n\t\t\t\t<section class=\"elementor-section elementor-inner-section elementor-element elementor-element-6127b86b elementor-section-content-middle elementor-reverse-tablet elementor-reverse-mobile elementor-section-boxed elementor-section-height-default elementor-section-height-default\" data-id=\"6127b86b\" data-element_type=\"section\" data-e-type=\"section\">\n\t\t\t\t\t\t<div class=\"elementor-container elementor-column-gap-no\">\n\t\t\t\t\t<div class=\"elementor-column elementor-col-33 elementor-inner-column elementor-element elementor-element-7499bfa0\" data-id=\"7499bfa0\" data-element_type=\"column\" data-e-type=\"column\" data-settings=\"{&quot;background_background&quot;:&quot;classic&quot;}\">\n\t\t\t<div class=\"elementor-widget-wrap elementor-element-populated\">\n\t\t\t\t\t\t<div class=\"elementor-element elementor-element-f41c0de elementor-widget-divider--view-line elementor-widget elementor-widget-divider\" data-id=\"f41c0de\" data-element_type=\"widget\" data-e-type=\"widget\" data-widget_type=\"divider.default\">\n\t\t\t\t<div class=\"elementor-widget-container\">\n\t\t\t\t\t\t\t<div class=\"elementor-divider\">\n\t\t\t<span class=\"elementor-divider-separator\">\n\t\t\t\t\t\t<\/span>\n\t\t<\/div>\n\t\t\t\t\t\t<\/div>\n\t\t\t\t<\/div>\n\t\t\t\t<div class=\"elementor-element elementor-element-2dfa0156 elementor-widget elementor-widget-text-editor\" data-id=\"2dfa0156\" data-element_type=\"widget\" data-e-type=\"widget\" data-widget_type=\"text-editor.default\">\n\t\t\t\t<div class=\"elementor-widget-container\">\n\t\t\t\t\t\t\t\t\t<p>Container sind ein hochwertiges und fortschrittliches Transportmittel, das eine schnelle Handhabung und schnellere Frequenz von Transportmitteln im Stra\u00dfen- und multimodalem Verkehr erm\u00f6glicht. Wir k\u00f6nnen sie auch als Lagerraum nutzen. In bestimmten F\u00e4llen, insbesondere im kombinierten Verkehr, erm\u00f6glichen sie Transport- und kosteng\u00fcnstigere L\u00f6sungen.<\/p>\t\t\t\t\t\t\t\t<\/div>\n\t\t\t\t<\/div>\n\t\t\t\t\t<\/div>\n\t\t<\/div>\n\t\t\t\t<div class=\"elementor-column elementor-col-66 elementor-inner-column elementor-element elementor-element-2817e21a\" data-id=\"2817e21a\" data-element_type=\"column\" data-e-type=\"column\">\n\t\t\t<div class=\"elementor-widget-wrap elementor-element-populated\">\n\t\t\t\t\t\t<div class=\"elementor-element elementor-element-84dc6af elementor-widget elementor-widget-text-editor\" data-id=\"84dc6af\" data-element_type=\"widget\" data-e-type=\"widget\" data-widget_type=\"text-editor.default\">\n\t\t\t\t<div class=\"elementor-widget-container\">\n\t\t\t\t\t\t\t\t\t<h4>Wir f\u00fchren auch ADR-Transporte durch.<\/h4>\t\t\t\t\t\t\t\t<\/div>\n\t\t\t\t<\/div>\n\t\t\t\t<div class=\"elementor-element elementor-element-498ba87f elementor-widget elementor-widget-image\" data-id=\"498ba87f\" data-element_type=\"widget\" data-e-type=\"widget\" data-widget_type=\"image.default\">\n\t\t\t\t<div class=\"elementor-widget-container\">\n\t\t\t\t\t\t\t\t\t\t\t\t\t\t\t<img decoding=\"async\" width=\"1024\" height=\"576\" src=\"https:\/\/skofic.si\/wp-content\/uploads\/2022\/05\/DSC_3689-1024x576.jpg\" class=\"attachment-large size-large wp-image-734\" alt=\"\" srcset=\"https:\/\/skofic.si\/wp-content\/uploads\/2022\/05\/DSC_3689-1024x576.jpg 1024w, https:\/\/skofic.si\/wp-content\/uploads\/2022\/05\/DSC_3689-300x169.jpg 300w, https:\/\/skofic.si\/wp-content\/uploads\/2022\/05\/DSC_3689-768x432.jpg 768w, https:\/\/skofic.si\/wp-content\/uploads\/2022\/05\/DSC_3689-1536x864.jpg 1536w, https:\/\/skofic.si\/wp-content\/uploads\/2022\/05\/DSC_3689.jpg 1920w\" sizes=\"(max-width: 1024px) 100vw, 1024px\" \/>\t\t\t\t\t\t\t\t\t\t\t\t\t\t\t<\/div>\n\t\t\t\t<\/div>\n\t\t\t\t\t<\/div>\n\t\t<\/div>\n\t\t\t\t\t<\/div>\n\t\t<\/section>\n\t\t\t\t\t<\/div>\n\t\t<\/div>\n\t\t\t\t\t<\/div>\n\t\t<\/section>\n\t\t\t\t<\/div>","protected":false},"excerpt":{"rendered":"<p>Prevozi s cisternami Pravi partner pri prevozu teko\u010din ter teko\u010dih nevarnih snovi Svojim doma\u010dim in tujim kupcem zagotavljamo celovite logisti\u010dne storitve na podro\u010dju prevozov teko\u010din. Z najsodobnej\u0161imi EURO6 tovornimi vozili, L4BH cisternami in kontejnerskimi cisternami nudimo: &#8211; prevoze teko\u010dih snovi &#8211; prevoze teko\u010dih kemi\u010dnih snovi (ADR prevoze) in &#8211;\u00a0prevoze s\u00a0kontejnerskimi cisternami\u00a0 Na\u0161a dol\u017enost je zagotoviti [&hellip;]<\/p>","protected":false},"author":1,"featured_media":0,"parent":0,"menu_order":0,"comment_status":"closed","ping_status":"closed","template":"","meta":{"_monsterinsights_skip_tracking":false,"_monsterinsights_sitenote_active":false,"_monsterinsights_sitenote_note":"","_monsterinsights_sitenote_category":0,"site-sidebar-layout":"no-sidebar","site-content-layout":"page-builder","ast-site-content-layout":"default","site-content-style":"default","site-sidebar-style":"default","ast-global-header-display":"","ast-banner-title-visibility":"","ast-main-header-display":"","ast-hfb-above-header-display":"","ast-hfb-below-header-display":"","ast-hfb-mobile-header-display":"","site-post-title":"disabled","ast-breadcrumbs-content":"","ast-featured-img":"disabled","footer-sml-layout":"","ast-disable-related-posts":"","theme-transparent-header-meta":"","adv-header-id-meta":"","stick-header-meta":"","header-above-stick-meta":"","header-main-stick-meta":"","header-below-stick-meta":"","astra-migrate-meta-layouts":"default","ast-page-background-enabled":"default","ast-page-background-meta":{"desktop":{"background-color":"","background-image":"","background-repeat":"repeat","background-position":"center center","background-size":"auto","background-attachment":"scroll","background-type":"","background-media":"","overlay-type":"","overlay-color":"","overlay-opacity":"","overlay-gradient":""},"tablet":{"background-color":"","background-image":"","background-repeat":"repeat","background-position":"center center","background-size":"auto","background-attachment":"scroll","background-type":"","background-media":"","overlay-type":"","overlay-color":"","overlay-opacity":"","overlay-gradient":""},"mobile":{"background-color":"","background-image":"","background-repeat":"repeat","background-position":"center center","background-size":"auto","background-attachment":"scroll","background-type":"","background-media":"","overlay-type":"","overlay-color":"","overlay-opacity":"","overlay-gradient":""}},"ast-content-background-meta":{"desktop":{"background-color":"var(--ast-global-color-5)","background-image":"","background-repeat":"repeat","background-position":"center center","background-size":"auto","background-attachment":"scroll","background-type":"","background-media":"","overlay-type":"","overlay-color":"","overlay-opacity":"","overlay-gradient":""},"tablet":{"background-color":"var(--ast-global-color-5)","background-image":"","background-repeat":"repeat","background-position":"center center","background-size":"auto","background-attachment":"scroll","background-type":"","background-media":"","overlay-type":"","overlay-color":"","overlay-opacity":"","overlay-gradient":""},"mobile":{"background-color":"var(--ast-global-color-5)","background-image":"","background-repeat":"repeat","background-position":"center center","background-size":"auto","background-attachment":"scroll","background-type":"","background-media":"","overlay-type":"","overlay-color":"","overlay-opacity":"","overlay-gradient":""}},"footnotes":""},"class_list":["post-3611","page","type-page","status-publish","hentry"],"aioseo_notices":[],"_links":{"self":[{"href":"https:\/\/skofic.si\/de\/wp-json\/wp\/v2\/pages\/3611","targetHints":{"allow":["GET"]}}],"collection":[{"href":"https:\/\/skofic.si\/de\/wp-json\/wp\/v2\/pages"}],"about":[{"href":"https:\/\/skofic.si\/de\/wp-json\/wp\/v2\/types\/page"}],"author":[{"embeddable":true,"href":"https:\/\/skofic.si\/de\/wp-json\/wp\/v2\/users\/1"}],"replies":[{"embeddable":true,"href":"https:\/\/skofic.si\/de\/wp-json\/wp\/v2\/comments?post=3611"}],"version-history":[{"count":49,"href":"https:\/\/skofic.si\/de\/wp-json\/wp\/v2\/pages\/3611\/revisions"}],"predecessor-version":[{"id":3943,"href":"https:\/\/skofic.si\/de\/wp-json\/wp\/v2\/pages\/3611\/revisions\/3943"}],"wp:attachment":[{"href":"https:\/\/skofic.si\/de\/wp-json\/wp\/v2\/media?parent=3611"}],"curies":[{"name":"wp","href":"https:\/\/api.w.org\/{rel}","templated":true}]}}