{"id":3703,"date":"2022-06-14T10:07:32","date_gmt":"2022-06-14T10:07:32","guid":{"rendered":"http:\/\/skofic.si\/?page_id=3703"},"modified":"2022-07-05T07:49:43","modified_gmt":"2022-07-05T07:49:43","slug":"sistemske-resitve","status":"publish","type":"page","link":"https:\/\/skofic.si\/it\/sistemske-resitve\/","title":{"rendered":"Soluzioni di sistema"},"content":{"rendered":"<div data-elementor-type=\"wp-page\" data-elementor-id=\"3703\" class=\"elementor elementor-3703\">\n\t\t\t\t\t\t<section class=\"elementor-section elementor-top-section elementor-element elementor-element-72fd4965 elementor-section-height-min-height elementor-section-boxed elementor-section-height-default elementor-section-items-middle\" data-id=\"72fd4965\" data-element_type=\"section\" data-e-type=\"section\" data-settings=\"{&quot;background_background&quot;:&quot;slideshow&quot;,&quot;background_slideshow_gallery&quot;:[{&quot;id&quot;:3531,&quot;url&quot;:&quot;http:\\\/\\\/skofic.si\\\/wp-content\\\/uploads\\\/2022\\\/06\\\/DSC_6468.jpg&quot;},{&quot;id&quot;:3532,&quot;url&quot;:&quot;http:\\\/\\\/skofic.si\\\/wp-content\\\/uploads\\\/2022\\\/06\\\/DSC_6474.jpg&quot;},{&quot;id&quot;:3530,&quot;url&quot;:&quot;http:\\\/\\\/skofic.si\\\/wp-content\\\/uploads\\\/2022\\\/06\\\/DSC_6466.jpg&quot;},{&quot;id&quot;:3540,&quot;url&quot;:&quot;http:\\\/\\\/skofic.si\\\/wp-content\\\/uploads\\\/2022\\\/06\\\/DSC_6617.jpg&quot;}],&quot;background_slideshow_lazyload&quot;:&quot;yes&quot;,&quot;background_slideshow_ken_burns&quot;:&quot;yes&quot;,&quot;background_slideshow_loop&quot;:&quot;yes&quot;,&quot;background_slideshow_slide_duration&quot;:5000,&quot;background_slideshow_slide_transition&quot;:&quot;fade&quot;,&quot;background_slideshow_transition_duration&quot;:500,&quot;background_slideshow_ken_burns_zoom_direction&quot;:&quot;in&quot;}\">\n\t\t\t\t\t\t\t<div class=\"elementor-background-overlay\"><\/div>\n\t\t\t\t\t\t\t<div class=\"elementor-container elementor-column-gap-no\">\n\t\t\t\t\t<div class=\"elementor-column elementor-col-100 elementor-top-column elementor-element elementor-element-579423bd\" data-id=\"579423bd\" data-element_type=\"column\" data-e-type=\"column\">\n\t\t\t<div class=\"elementor-widget-wrap elementor-element-populated\">\n\t\t\t\t\t\t<div class=\"elementor-element elementor-element-5a3b2251 elementor-widget elementor-widget-heading\" data-id=\"5a3b2251\" data-element_type=\"widget\" data-e-type=\"widget\" data-widget_type=\"heading.default\">\n\t\t\t\t<div class=\"elementor-widget-container\">\n\t\t\t\t\t<h2 class=\"elementor-heading-title elementor-size-default\">Soluzioni di sistema<\/h2>\t\t\t\t<\/div>\n\t\t\t\t<\/div>\n\t\t\t\t\t<\/div>\n\t\t<\/div>\n\t\t\t\t\t<\/div>\n\t\t<\/section>\n\t\t\t\t<section class=\"elementor-section elementor-top-section elementor-element elementor-element-56f4c6d7 elementor-section-boxed elementor-section-height-default elementor-section-height-default\" data-id=\"56f4c6d7\" data-element_type=\"section\" data-e-type=\"section\" data-settings=\"{&quot;background_background&quot;:&quot;classic&quot;}\">\n\t\t\t\t\t\t<div class=\"elementor-container elementor-column-gap-no\">\n\t\t\t\t\t<div class=\"elementor-column elementor-col-100 elementor-top-column elementor-element elementor-element-33dcb82b\" data-id=\"33dcb82b\" data-element_type=\"column\" data-e-type=\"column\">\n\t\t\t<div class=\"elementor-widget-wrap elementor-element-populated\">\n\t\t\t\t\t\t<div class=\"elementor-element elementor-element-6741984c elementor-widget elementor-widget-heading\" data-id=\"6741984c\" data-element_type=\"widget\" data-e-type=\"widget\" data-widget_type=\"heading.default\">\n\t\t\t\t<div class=\"elementor-widget-container\">\n\t\t\t\t\t<h2 class=\"elementor-heading-title elementor-size-default\">Offriamo una soluzione logistica completa per ogni prodotto, ogni destinazione e ogni cliente.<\/h2>\t\t\t\t<\/div>\n\t\t\t\t<\/div>\n\t\t\t\t<div class=\"elementor-element elementor-element-21bbf2bb elementor-widget elementor-widget-text-editor\" data-id=\"21bbf2bb\" data-element_type=\"widget\" data-e-type=\"widget\" data-widget_type=\"text-editor.default\">\n\t\t\t\t<div class=\"elementor-widget-container\">\n\t\t\t\t\t\t\t\t\t<p><span style=\"font-style: inherit; font-weight: inherit; color: var( --e-global-color-secondary ); background-color: var( --e-global-color-astglobalcolor4 );\">\u00a0<\/span><\/p><p><span style=\"font-style: inherit; font-weight: inherit; color: var( --e-global-color-secondary ); background-color: var( --e-global-color-astglobalcolor4 );\">Realizziamo soluzioni di sistema complete, dall'organizzazione del trasporto allo stoccaggio delle merci. In questo modo offriamo ai nostri clienti un approccio integrale, in cui utilizziamo le nostre conoscenze, il nostro know-how e le nostre attrezzature per garantire che tutte le loro esigenze e necessit\u00e0 siano soddisfatte in modo qualitativamente ed economicamente vantaggioso.<\/span><\/p>\t\t\t\t\t\t\t\t<\/div>\n\t\t\t\t<\/div>\n\t\t\t\t<section class=\"elementor-section elementor-inner-section elementor-element elementor-element-313c603e elementor-section-content-middle elementor-section-boxed elementor-section-height-default elementor-section-height-default\" data-id=\"313c603e\" data-element_type=\"section\" data-e-type=\"section\">\n\t\t\t\t\t\t<div class=\"elementor-container elementor-column-gap-no\">\n\t\t\t\t\t<div class=\"elementor-column elementor-col-66 elementor-inner-column elementor-element elementor-element-5ba4362b\" data-id=\"5ba4362b\" data-element_type=\"column\" data-e-type=\"column\">\n\t\t\t<div class=\"elementor-widget-wrap elementor-element-populated\">\n\t\t\t\t\t\t<div class=\"elementor-element elementor-element-6764d6fa elementor-widget elementor-widget-image\" data-id=\"6764d6fa\" data-element_type=\"widget\" data-e-type=\"widget\" data-widget_type=\"image.default\">\n\t\t\t\t<div class=\"elementor-widget-container\">\n\t\t\t\t\t\t\t\t\t\t\t\t\t\t\t<img fetchpriority=\"high\" decoding=\"async\" width=\"902\" height=\"600\" src=\"https:\/\/skofic.si\/wp-content\/uploads\/2022\/06\/DSC_6521.jpg\" class=\"attachment-large size-large wp-image-3533\" alt=\"\" srcset=\"https:\/\/skofic.si\/wp-content\/uploads\/2022\/06\/DSC_6521.jpg 902w, https:\/\/skofic.si\/wp-content\/uploads\/2022\/06\/DSC_6521-300x200.jpg 300w, https:\/\/skofic.si\/wp-content\/uploads\/2022\/06\/DSC_6521-768x511.jpg 768w\" sizes=\"(max-width: 902px) 100vw, 902px\" \/>\t\t\t\t\t\t\t\t\t\t\t\t\t\t\t<\/div>\n\t\t\t\t<\/div>\n\t\t\t\t\t<\/div>\n\t\t<\/div>\n\t\t\t\t<div class=\"elementor-column elementor-col-33 elementor-inner-column elementor-element elementor-element-45365adb\" data-id=\"45365adb\" data-element_type=\"column\" data-e-type=\"column\" data-settings=\"{&quot;background_background&quot;:&quot;classic&quot;}\">\n\t\t\t<div class=\"elementor-widget-wrap elementor-element-populated\">\n\t\t\t\t\t\t<div class=\"elementor-element elementor-element-48fb8d22 elementor-widget-divider--view-line elementor-widget elementor-widget-divider\" data-id=\"48fb8d22\" data-element_type=\"widget\" data-e-type=\"widget\" data-widget_type=\"divider.default\">\n\t\t\t\t<div class=\"elementor-widget-container\">\n\t\t\t\t\t\t\t<div class=\"elementor-divider\">\n\t\t\t<span class=\"elementor-divider-separator\">\n\t\t\t\t\t\t<\/span>\n\t\t<\/div>\n\t\t\t\t\t\t<\/div>\n\t\t\t\t<\/div>\n\t\t\t\t<div class=\"elementor-element elementor-element-fc12fdd elementor-widget elementor-widget-text-editor\" data-id=\"fc12fdd\" data-element_type=\"widget\" data-e-type=\"widget\" data-widget_type=\"text-editor.default\">\n\t\t\t\t<div class=\"elementor-widget-container\">\n\t\t\t\t\t\t\t\t\t<p class=\"translation-block\">Oltre a tutti i nostri servizi, offriamo anche il noleggio di container per il trasporto o lo stoccaggio.<\/p>\t\t\t\t\t\t\t\t<\/div>\n\t\t\t\t<\/div>\n\t\t\t\t\t<\/div>\n\t\t<\/div>\n\t\t\t\t\t<\/div>\n\t\t<\/section>\n\t\t\t\t<section class=\"elementor-section elementor-inner-section elementor-element elementor-element-341b0c4b elementor-section-content-middle elementor-reverse-tablet elementor-reverse-mobile elementor-section-boxed elementor-section-height-default elementor-section-height-default\" data-id=\"341b0c4b\" data-element_type=\"section\" data-e-type=\"section\">\n\t\t\t\t\t\t<div class=\"elementor-container elementor-column-gap-no\">\n\t\t\t\t\t<div class=\"elementor-column elementor-col-33 elementor-inner-column elementor-element elementor-element-351e4e74\" data-id=\"351e4e74\" data-element_type=\"column\" data-e-type=\"column\" data-settings=\"{&quot;background_background&quot;:&quot;classic&quot;}\">\n\t\t\t<div class=\"elementor-widget-wrap elementor-element-populated\">\n\t\t\t\t\t\t<div class=\"elementor-element elementor-element-20dd28eb elementor-widget-divider--view-line elementor-widget elementor-widget-divider\" data-id=\"20dd28eb\" data-element_type=\"widget\" data-e-type=\"widget\" data-widget_type=\"divider.default\">\n\t\t\t\t<div class=\"elementor-widget-container\">\n\t\t\t\t\t\t\t<div class=\"elementor-divider\">\n\t\t\t<span class=\"elementor-divider-separator\">\n\t\t\t\t\t\t<\/span>\n\t\t<\/div>\n\t\t\t\t\t\t<\/div>\n\t\t\t\t<\/div>\n\t\t\t\t<div class=\"elementor-element elementor-element-17b24ec elementor-widget elementor-widget-text-editor\" data-id=\"17b24ec\" data-element_type=\"widget\" data-e-type=\"widget\" data-widget_type=\"text-editor.default\">\n\t\t\t\t<div class=\"elementor-widget-container\">\n\t\t\t\t\t\t\t\t\t<p class=\"x_MsoNormal translation-block\">Disponiamo di una gru per il sollevamento o la movimentazione dei container. La gru pu\u00f2 movimentare container e casse intercambiabili di tutte le dimensioni (20' - 30' - 40'), fino a una portata massima di 45 tonnellate.<\/p><p class=\"x_MsoNormal translation-block\">I clienti possono stoccare container pieni e vuoti in un'area di stoccaggio completamente recintata, videosorvegliata e dotata di allarme a distanza.<\/p>\t\t\t\t\t\t\t\t<\/div>\n\t\t\t\t<\/div>\n\t\t\t\t\t<\/div>\n\t\t<\/div>\n\t\t\t\t<div class=\"elementor-column elementor-col-66 elementor-inner-column elementor-element elementor-element-6c4252a8\" data-id=\"6c4252a8\" data-element_type=\"column\" data-e-type=\"column\">\n\t\t\t<div class=\"elementor-widget-wrap elementor-element-populated\">\n\t\t\t\t\t\t<div class=\"elementor-element elementor-element-612c19a8 elementor-widget elementor-widget-image\" data-id=\"612c19a8\" data-element_type=\"widget\" data-e-type=\"widget\" data-widget_type=\"image.default\">\n\t\t\t\t<div class=\"elementor-widget-container\">\n\t\t\t\t\t\t\t\t\t\t\t\t\t\t\t<img decoding=\"async\" width=\"1024\" height=\"767\" src=\"https:\/\/skofic.si\/wp-content\/uploads\/2022\/07\/DJI_0868-1024x767.jpg\" class=\"attachment-large size-large wp-image-3869\" alt=\"\" srcset=\"https:\/\/skofic.si\/wp-content\/uploads\/2022\/07\/DJI_0868-1024x767.jpg 1024w, https:\/\/skofic.si\/wp-content\/uploads\/2022\/07\/DJI_0868-300x225.jpg 300w, https:\/\/skofic.si\/wp-content\/uploads\/2022\/07\/DJI_0868-768x575.jpg 768w, https:\/\/skofic.si\/wp-content\/uploads\/2022\/07\/DJI_0868-1536x1150.jpg 1536w, https:\/\/skofic.si\/wp-content\/uploads\/2022\/07\/DJI_0868.jpg 2000w\" sizes=\"(max-width: 1024px) 100vw, 1024px\" \/>\t\t\t\t\t\t\t\t\t\t\t\t\t\t\t<\/div>\n\t\t\t\t<\/div>\n\t\t\t\t\t<\/div>\n\t\t<\/div>\n\t\t\t\t\t<\/div>\n\t\t<\/section>\n\t\t\t\t\t<\/div>\n\t\t<\/div>\n\t\t\t\t\t<\/div>\n\t\t<\/section>\n\t\t\t\t<\/div>","protected":false},"excerpt":{"rendered":"<p>Sistemske re\u0161itve Ponujamo celovito logisti\u010dno re\u0161itev za vsak produkt, destinacijo in vsako stranko. \u00a0 Izvajamo celotne sistemske re\u0161itve od organizacije prevoza do skladi\u0161\u010denja tovora. S tem stranki ponujamo celostno obravnavo, kjer s svojim znanjem, know-howom in ustrezno opremo zagotavljamo, da vse zahteve in potrebe stranke kvalitetno ter ugodno re\u0161imo. Poleg vseh storitev nudimo tudi izposojo [&hellip;]<\/p>","protected":false},"author":1,"featured_media":0,"parent":0,"menu_order":0,"comment_status":"closed","ping_status":"closed","template":"","meta":{"_monsterinsights_skip_tracking":false,"_monsterinsights_sitenote_active":false,"_monsterinsights_sitenote_note":"","_monsterinsights_sitenote_category":0,"site-sidebar-layout":"no-sidebar","site-content-layout":"page-builder","ast-site-content-layout":"default","site-content-style":"default","site-sidebar-style":"default","ast-global-header-display":"","ast-banner-title-visibility":"","ast-main-header-display":"","ast-hfb-above-header-display":"","ast-hfb-below-header-display":"","ast-hfb-mobile-header-display":"","site-post-title":"disabled","ast-breadcrumbs-content":"","ast-featured-img":"disabled","footer-sml-layout":"","ast-disable-related-posts":"","theme-transparent-header-meta":"","adv-header-id-meta":"","stick-header-meta":"","header-above-stick-meta":"","header-main-stick-meta":"","header-below-stick-meta":"","astra-migrate-meta-layouts":"default","ast-page-background-enabled":"default","ast-page-background-meta":{"desktop":{"background-color":"","background-image":"","background-repeat":"repeat","background-position":"center center","background-size":"auto","background-attachment":"scroll","background-type":"","background-media":"","overlay-type":"","overlay-color":"","overlay-opacity":"","overlay-gradient":""},"tablet":{"background-color":"","background-image":"","background-repeat":"repeat","background-position":"center center","background-size":"auto","background-attachment":"scroll","background-type":"","background-media":"","overlay-type":"","overlay-color":"","overlay-opacity":"","overlay-gradient":""},"mobile":{"background-color":"","background-image":"","background-repeat":"repeat","background-position":"center center","background-size":"auto","background-attachment":"scroll","background-type":"","background-media":"","overlay-type":"","overlay-color":"","overlay-opacity":"","overlay-gradient":""}},"ast-content-background-meta":{"desktop":{"background-color":"var(--ast-global-color-5)","background-image":"","background-repeat":"repeat","background-position":"center center","background-size":"auto","background-attachment":"scroll","background-type":"","background-media":"","overlay-type":"","overlay-color":"","overlay-opacity":"","overlay-gradient":""},"tablet":{"background-color":"var(--ast-global-color-5)","background-image":"","background-repeat":"repeat","background-position":"center center","background-size":"auto","background-attachment":"scroll","background-type":"","background-media":"","overlay-type":"","overlay-color":"","overlay-opacity":"","overlay-gradient":""},"mobile":{"background-color":"var(--ast-global-color-5)","background-image":"","background-repeat":"repeat","background-position":"center center","background-size":"auto","background-attachment":"scroll","background-type":"","background-media":"","overlay-type":"","overlay-color":"","overlay-opacity":"","overlay-gradient":""}},"footnotes":""},"class_list":["post-3703","page","type-page","status-publish","hentry"],"aioseo_notices":[],"_links":{"self":[{"href":"https:\/\/skofic.si\/it\/wp-json\/wp\/v2\/pages\/3703","targetHints":{"allow":["GET"]}}],"collection":[{"href":"https:\/\/skofic.si\/it\/wp-json\/wp\/v2\/pages"}],"about":[{"href":"https:\/\/skofic.si\/it\/wp-json\/wp\/v2\/types\/page"}],"author":[{"embeddable":true,"href":"https:\/\/skofic.si\/it\/wp-json\/wp\/v2\/users\/1"}],"replies":[{"embeddable":true,"href":"https:\/\/skofic.si\/it\/wp-json\/wp\/v2\/comments?post=3703"}],"version-history":[{"count":19,"href":"https:\/\/skofic.si\/it\/wp-json\/wp\/v2\/pages\/3703\/revisions"}],"predecessor-version":[{"id":3873,"href":"https:\/\/skofic.si\/it\/wp-json\/wp\/v2\/pages\/3703\/revisions\/3873"}],"wp:attachment":[{"href":"https:\/\/skofic.si\/it\/wp-json\/wp\/v2\/media?parent=3703"}],"curies":[{"name":"wp","href":"https:\/\/api.w.org\/{rel}","templated":true}]}}